{"id":1555,"date":"2022-03-30T12:26:40","date_gmt":"2022-03-30T12:26:40","guid":{"rendered":"https:\/\/santamariadegimenells.info\/?page_id=1555"},"modified":"2022-04-20T10:14:11","modified_gmt":"2022-04-20T10:14:11","slug":"contacte","status":"publish","type":"page","link":"https:\/\/santamariadegimenells.info\/index.php\/contacte\/","title":{"rendered":"CONTACTE"},"content":{"rendered":"<p><span style=\"vertical-align: inherit;\"><span style=\"vertical-align: inherit;\"><span style=\"vertical-align: inherit;\"><span style=\"vertical-align: inherit;\"><span style=\"vertical-align: inherit;\"><span style=\"vertical-align: inherit;\">Si voleu aportar informaci\u00f3, cosa que agrair\u00e9 molt\u00edssim, us podeu ficar en contacte a trav\u00e9s del seg\u00fcent FORMULARI :<\/span><\/span><\/span><\/span><\/span><\/span><\/p>\n<p><span style=\"vertical-align: inherit;\">La publicaci\u00f3 de la mateixa, juntament amb el nom de la persona que l&#8217;aporti, els ficar\u00e9 a la p\u00e0gina inicial, per tal que en quedi const\u00e0ncia.<\/span><\/p>\n<p><span style=\"vertical-align: inherit;\"><span style=\"vertical-align: inherit;\"><span style=\"vertical-align: inherit;\"><span style=\"vertical-align: inherit;\"><span style=\"vertical-align: inherit;\"><span style=\"vertical-align: inherit;\"><span style=\"vertical-align: inherit;\"><span style=\"vertical-align: inherit;\"><div class=\"wpforms-container \" id=\"wpforms-5\"><form id=\"wpforms-form-5\" class=\"wpforms-validate wpforms-form wpforms-ajax-form\" data-formid=\"5\" method=\"post\" enctype=\"multipart\/form-data\" action=\"\/index.php\/wp-json\/wp\/v2\/pages\/1555\" data-token=\"5622a140ffb47eedbab09db772bb6041\" data-token-time=\"1777384037\"><noscript class=\"wpforms-error-noscript\">Activeu el JavaScript al navegador per a poder completar el formulari.<\/noscript><div class=\"wpforms-field-container\"><div id=\"wpforms-5-field_0-container\" class=\"wpforms-field wpforms-field-name\" data-field-id=\"0\"><label class=\"wpforms-field-label wpforms-label-hide\" for=\"wpforms-5-field_0\">Your Name <span class=\"wpforms-required-label\">*<\/span><\/label><input type=\"text\" id=\"wpforms-5-field_0\" class=\"wpforms-field-large wpforms-field-required\" name=\"wpforms[fields][0]\" placeholder=\"Your Name\" required><\/div><div id=\"wpforms-5-field_1-container\" class=\"wpforms-field wpforms-field-email\" data-field-id=\"1\"><label class=\"wpforms-field-label wpforms-label-hide\" for=\"wpforms-5-field_1\">Email Address <span class=\"wpforms-required-label\">*<\/span><\/label><input type=\"email\" id=\"wpforms-5-field_1\" class=\"wpforms-field-large wpforms-field-required\" name=\"wpforms[fields][1]\" placeholder=\"Your Email\" spellcheck=\"false\" required><\/div><div id=\"wpforms-5-field_2-container\" class=\"wpforms-field wpforms-field-textarea\" data-field-id=\"2\"><label class=\"wpforms-field-label wpforms-label-hide\" for=\"wpforms-5-field_2\">Your Message <span class=\"wpforms-required-label\">*<\/span><\/label><textarea id=\"wpforms-5-field_2\" class=\"wpforms-field-medium wpforms-field-required\" name=\"wpforms[fields][2]\" placeholder=\"Message\" required><\/textarea><\/div><\/div><!-- .wpforms-field-container --><div class=\"wpforms-submit-container\" ><input type=\"hidden\" name=\"wpforms[id]\" value=\"5\"><input type=\"hidden\" name=\"page_title\" value=\"\"><input type=\"hidden\" name=\"page_url\" value=\"https:\/\/santamariadegimenells.info\/index.php\/wp-json\/wp\/v2\/pages\/1555\"><input type=\"hidden\" name=\"url_referer\" value=\"\"><button type=\"submit\" name=\"wpforms[submit]\" id=\"wpforms-submit-5\" class=\"wpforms-submit\" data-alt-text=\"Moltes gracies per contactar \" data-submit-text=\"Enviar missatge\" aria-live=\"assertive\" value=\"wpforms-submit\">Enviar missatge<\/button><img loading=\"lazy\" decoding=\"async\" src=\"https:\/\/santamariadegimenells.info\/wp-content\/plugins\/wpforms-lite\/assets\/images\/submit-spin.svg\" class=\"wpforms-submit-spinner\" style=\"display: none;\" width=\"26\" height=\"26\" alt=\"S&#039;est\u00e0 carregant\"><\/div><\/form><\/div>  <!-- .wpforms-container --><\/span><\/span><\/span><\/span><\/span><\/span><\/span><\/span><\/p>\n","protected":false},"excerpt":{"rendered":"<p>&#46;&#46;&#46;<\/p>\n","protected":false},"author":1,"featured_media":0,"parent":0,"menu_order":0,"comment_status":"closed","ping_status":"closed","template":"","meta":{"footnotes":""},"class_list":["post-1555","page","type-page","status-publish","hentry"],"_links":{"self":[{"href":"https:\/\/santamariadegimenells.info\/index.php\/wp-json\/wp\/v2\/pages\/1555","targetHints":{"allow":["GET"]}}],"collection":[{"href":"https:\/\/santamariadegimenells.info\/index.php\/wp-json\/wp\/v2\/pages"}],"about":[{"href":"https:\/\/santamariadegimenells.info\/index.php\/wp-json\/wp\/v2\/types\/page"}],"author":[{"embeddable":true,"href":"https:\/\/santamariadegimenells.info\/index.php\/wp-json\/wp\/v2\/users\/1"}],"replies":[{"embeddable":true,"href":"https:\/\/santamariadegimenells.info\/index.php\/wp-json\/wp\/v2\/comments?post=1555"}],"version-history":[{"count":7,"href":"https:\/\/santamariadegimenells.info\/index.php\/wp-json\/wp\/v2\/pages\/1555\/revisions"}],"predecessor-version":[{"id":1583,"href":"https:\/\/santamariadegimenells.info\/index.php\/wp-json\/wp\/v2\/pages\/1555\/revisions\/1583"}],"wp:attachment":[{"href":"https:\/\/santamariadegimenells.info\/index.php\/wp-json\/wp\/v2\/media?parent=1555"}],"curies":[{"name":"wp","href":"https:\/\/api.w.org\/{rel}","templated":true}]}}